{"id":1323,"date":"2015-09-17T19:34:40","date_gmt":"2015-09-17T19:34:40","guid":{"rendered":"http:\/\/www.aquazone.com.pl\/?page_id=1323"},"modified":"2021-06-29T13:49:58","modified_gmt":"2021-06-29T13:49:58","slug":"kontakt","status":"publish","type":"page","link":"https:\/\/www.aquazone.com.pl\/?page_id=1323","title":{"rendered":"Kontakt"},"content":{"rendered":"<p>Je\u015bli jeste\u015b zainteresowany tematyk\u0105 hydrologiczn\u0105.<\/p>\n<p>Wykonujesz prace na zbiornikach, na rzekach.<\/p>\n<p>Chcesz odnale\u017a\u0107 podwodne elementy, wykona\u0107 skaning dna, stworzy\u0107 map\u0119 batymetryczn\u0105 czy wykona\u0107 przekr\u00f3j rzeczny.<\/p>\n<p><strong>Skontaktuj si\u0119 z nami.<\/strong><\/p>\n<p>Jeste\u015bmy do\u015bwiadczon\u0105 ekip\u0105 hydrolog\u00f3w, kt\u00f3rzy podejm\u0105 si\u0119 ka\u017cdego tematu w zakresie hydrologi i hydro-in\u017cynierii. Mamy bogate do\u015bwiadczenie w hydrometrii i geodezji.<\/p>\n<p>Wsp\u00f3\u0142pracujemy z takimi jednostkami jak Instytut Meteorologii i Gospodarki Wodnej, Miejskie Przedsi\u0119biorstwo Wodoci\u0105g\u00f3w i Kanalizacji w Warszawie, Szko\u0142a G\u0142\u00f3wna Gospodarstwa Wiejskiego (SGGW), Echosonda.pl, Diverstudio i baza nurkowa w Jagodnej (Hvar, Chorwacja).<\/p>\n<p>&nbsp;<\/p>\n<p>Nasz\u0105 pe\u0142n\u0105 ofert\u0119 znajdziecie na stronie<\/p>\n<p><a title=\"us\u0142ugi hydrologiczne\" href=\"http:\/\/www.aquazone.com.pl\/?page_id=1337\">Us\u0142ugi hydrologiczne<\/a><\/p>\n<p><strong style=\"color: #000000;\">Tomasz Lewicki<\/strong><\/p>\n<p>lewickitomash@gmail.com<\/p>\n<p><span style=\"color: #000000;\"><strong>+48 502 139 264<\/strong><\/span><\/p>\n","protected":false},"excerpt":{"rendered":"<p>Je\u015bli jeste\u015b zainteresowany tematyk\u0105 hydrologiczn\u0105. Wykonujesz prace na zbiornikach, na rzekach. Chcesz odnale\u017a\u0107 podwodne elementy, wykona\u0107 skaning dna, stworzy\u0107 map\u0119 batymetryczn\u0105 czy wykona\u0107 przekr\u00f3j rzeczny. Skontaktuj si\u0119 z nami. Jeste\u015bmy do\u015bwiadczon\u0105 ekip\u0105 hydrolog\u00f3w, kt\u00f3rzy podejm\u0105 si\u0119 ka\u017cdego tematu w zakresie &hellip; <a href=\"https:\/\/www.aquazone.com.pl\/?page_id=1323\">Czytaj dalej <span class=\"meta-nav\">&rarr;<\/span><\/a><\/p>\n","protected":false},"author":1,"featured_media":0,"parent":0,"menu_order":0,"comment_status":"open","ping_status":"open","template":"","meta":{"footnotes":""},"_links":{"self":[{"href":"https:\/\/www.aquazone.com.pl\/index.php?rest_route=\/wp\/v2\/pages\/1323"}],"collection":[{"href":"https:\/\/www.aquazone.com.pl\/index.php?rest_route=\/wp\/v2\/pages"}],"about":[{"href":"https:\/\/www.aquazone.com.pl\/index.php?rest_route=\/wp\/v2\/types\/page"}],"author":[{"embeddable":true,"href":"https:\/\/www.aquazone.com.pl\/index.php?rest_route=\/wp\/v2\/users\/1"}],"replies":[{"embeddable":true,"href":"https:\/\/www.aquazone.com.pl\/index.php?rest_route=%2Fwp%2Fv2%2Fcomments&post=1323"}],"version-history":[{"count":9,"href":"https:\/\/www.aquazone.com.pl\/index.php?rest_route=\/wp\/v2\/pages\/1323\/revisions"}],"predecessor-version":[{"id":1542,"href":"https:\/\/www.aquazone.com.pl\/index.php?rest_route=\/wp\/v2\/pages\/1323\/revisions\/1542"}],"wp:attachment":[{"href":"https:\/\/www.aquazone.com.pl\/index.php?rest_route=%2Fwp%2Fv2%2Fmedia&parent=1323"}],"curies":[{"name":"wp","href":"https:\/\/api.w.org\/{rel}","templated":true}]}}