{"id":1337,"date":"2015-09-17T20:53:23","date_gmt":"2015-09-17T20:53:23","guid":{"rendered":"http:\/\/www.aquazone.com.pl\/?page_id=1337"},"modified":"2021-06-29T13:50:31","modified_gmt":"2021-06-29T13:50:31","slug":"uslugi-hydrologiczne","status":"publish","type":"page","link":"https:\/\/www.aquazone.com.pl\/?page_id=1337","title":{"rendered":"Us\u0142ugi hydrologiczne"},"content":{"rendered":"<p><strong>W ramach prowadzonej przez nas dzia\u0142alno\u015bci oferujemy Pa\u0144stwu szereg us\u0142ug.<\/strong><\/p>\n<p><strong>Opracowania z wykorzystaniem technik hydroakustycznych:<\/strong><\/p>\n<ul>\n<li dir=\"ltr\">tworzenie map batymetrycznych<\/li>\n<li dir=\"ltr\">skaning dna<\/li>\n<li dir=\"ltr\">wykorzystanie techniki sonarowej do lokalizacji obiekt\u00f3w podwodnych na akwenach \u015br\u00f3dl\u0105dowych<\/li>\n<li dir=\"ltr\">okre\u015blanie zasi\u0119gu ro\u015blinno\u015bci podwodnej<\/li>\n<li dir=\"ltr\">wykorzystanie techniki sonaru bocznego do oznaczenia element\u00f3w podwodnych<\/li>\n<li dir=\"ltr\">stworzenie map ze szczeg\u00f3lnym uwzgl\u0119dnieniem infrastruktury podwodnej<\/li>\n<li dir=\"ltr\">oznaczenie na planie batymetrycznym potencjalnych zagro\u017ce\u0144 dla \u017ceglugi<\/li>\n<\/ul>\n<p><strong>Wykonywanie dokumentacji i ekspertyz hydrologicznych<\/strong><\/p>\n<p>Oferujemy wykonanie ekspertyz zawieraj\u0105cych:<\/p>\n<ul>\n<li>obliczenia przep\u0142yw\u00f3w charakterystycznych dla potrzeb projektowania w zakresie budownictwa<\/li>\n<li>wyznaczanie stref zagro\u017cenia powodziowego<\/li>\n<li>wp\u0142yw zagospodarowania doliny rzecznej na warunki odp\u0142ywu wody<\/li>\n<\/ul>\n<h2>Sporz\u0105dzanie operat\u00f3w wodnoprawnych<\/h2>\n<p>Zgodnie z Art. 122 Ustawy z dnia 18 lipca 2001r. na szereg dzia\u0142alno\u015bci zwi\u0105zanych z wodami powierzchniowymi i podziemnymi wymagane jest pozwolenie wodnoprawne.<\/p>\n<p>Do uzyskania ww. pozwolenia niezb\u0119dny jest\u00a0<strong>operat wodnoprawny.<\/strong><\/p>\n<p>Oferujemy przygotowanie wniosku o pozwolenie wodnoprawne wraz z operatem.<\/p>\n<p>Cz\u0119\u015bci\u0105 operatu jest charakterystyka w\u00f3d obj\u0119tych pozwoleniem. W razie potrzeby wykonujemy stosowne obliczenia hydrologiczne stanowi\u0105ce podstaw\u0119 do takiej charakterystyki \u2013 patrz\u00a0<strong>Wykonywanie dokumentacji i ekspertyz hydrologicznych<\/strong><\/p>\n<h2><span style=\"color: #000000; font-weight: bold;\">Pomiary hydrometryczne pomiary przep\u0142ywu w kana\u0142ach otwartych<\/span><\/h2>\n<p>W zakresie pomiar\u00f3w hydrometrycznych wykonujemy:<\/p>\n<ul>\n<li>pomiary nat\u0119\u017cenia przep\u0142ywu w kana\u0142ach otwartych (rzeki, kana\u0142y) wraz z szczeg\u00f3\u0142owym rozk\u0142adem pr\u0119dko\u015bci wody w korycie<\/li>\n<li>sondowanie dna (pomiary g\u0142\u0119boko\u015bci rzek i jezior)<\/li>\n<li>okre\u015blanie frakcji materia\u0142u dennego (np. do okre\u015blania rozmycia dna)<\/li>\n<\/ul>\n<h2>Wykonywanie przekroj\u00f3w poprzecznych i pod\u0142u\u017cnych rzek<\/h2>\n<div>\n<p>Do oceny zagro\u017cenia powodziowego, modelowania hydrologicznego i projektowania w zakresie budownictwa wodnego niezb\u0119dne s\u0105 szczeg\u00f3\u0142owe przekroje poprzeczne rzeki i terenu zalewowego.<\/p>\n<p>Wykonujemy:<\/p>\n<ul>\n<li>przekroje dolinowe z wykorzystaniem niwelacji tradycyjnej i satelitarnej; cz\u0119\u015b\u0107 wodna przekroju uzyskiwana jest poprzez echosonda\u017c dna lub bezpo\u015bredni pomiar g\u0142\u0119boko\u015bci<\/li>\n<li>przekroje pod\u0142u\u017cne z lini\u0105 dna i spadkiem zwierciad\u0142a wody<\/li>\n<\/ul>\n<\/div>\n<ul>\n<li dir=\"ltr\">do cel\u00f3w projektowych \u00a0w zakresie budownictwa<\/li>\n<li dir=\"ltr\">przekroje dolinowe do wyznaczania stref zagro\u017cenia powodziowego<\/li>\n<\/ul>\n<h2>Us\u0142ugi zwi\u0105zane z systemami informacji geograficznej GIS<\/h2>\n<p><strong>W ramach opracowa\u0144 informacji geograficznej GIS proponujemy:<\/strong><\/p>\n<ul>\n<li>tworzenie Cyfrowych Modeli Terenu,<\/li>\n<li>inwentaryzacja ciek\u00f3w i urz\u0105dze\u0144 wodnych z wykorzystaniem narz\u0119dzi GIS,<\/li>\n<li>tworzenie bazy danych przestrzennych dotycz\u0105cych w\u00f3d powierzchniowych.<\/li>\n<\/ul>\n<h2>Doradztwo, szkolenia i konsultacje w zakresie doboru, obs\u0142ugi i wykorzystania sprz\u0119tu hydrologicznego.<\/h2>\n<ul>\n<li>dob\u00f3r echosond, sprz\u0119tu pomiarowego<\/li>\n<li>szkolenie z zakresu obs\u0142ugi echosond<\/li>\n<li>szkolenie z obs\u0142ugi program\u00f3w hydrologicznych &#8211; ReefMaster, WinRiver<\/li>\n<\/ul>\n<p><span style=\"font-weight: 300;\">lewickitomash@gmail.com<\/span><\/p>\n<p>&nbsp;<\/p>\n","protected":false},"excerpt":{"rendered":"<p>W ramach prowadzonej przez nas dzia\u0142alno\u015bci oferujemy Pa\u0144stwu szereg us\u0142ug. Opracowania z wykorzystaniem technik hydroakustycznych: tworzenie map batymetrycznych skaning dna wykorzystanie techniki sonarowej do lokalizacji obiekt\u00f3w podwodnych na akwenach \u015br\u00f3dl\u0105dowych okre\u015blanie zasi\u0119gu ro\u015blinno\u015bci podwodnej wykorzystanie techniki sonaru bocznego do oznaczenia &hellip; <a href=\"https:\/\/www.aquazone.com.pl\/?page_id=1337\">Czytaj dalej <span class=\"meta-nav\">&rarr;<\/span><\/a><\/p>\n","protected":false},"author":1,"featured_media":0,"parent":0,"menu_order":0,"comment_status":"open","ping_status":"open","template":"","meta":{"footnotes":""},"_links":{"self":[{"href":"https:\/\/www.aquazone.com.pl\/index.php?rest_route=\/wp\/v2\/pages\/1337"}],"collection":[{"href":"https:\/\/www.aquazone.com.pl\/index.php?rest_route=\/wp\/v2\/pages"}],"about":[{"href":"https:\/\/www.aquazone.com.pl\/index.php?rest_route=\/wp\/v2\/types\/page"}],"author":[{"embeddable":true,"href":"https:\/\/www.aquazone.com.pl\/index.php?rest_route=\/wp\/v2\/users\/1"}],"replies":[{"embeddable":true,"href":"https:\/\/www.aquazone.com.pl\/index.php?rest_route=%2Fwp%2Fv2%2Fcomments&post=1337"}],"version-history":[{"count":8,"href":"https:\/\/www.aquazone.com.pl\/index.php?rest_route=\/wp\/v2\/pages\/1337\/revisions"}],"predecessor-version":[{"id":1543,"href":"https:\/\/www.aquazone.com.pl\/index.php?rest_route=\/wp\/v2\/pages\/1337\/revisions\/1543"}],"wp:attachment":[{"href":"https:\/\/www.aquazone.com.pl\/index.php?rest_route=%2Fwp%2Fv2%2Fmedia&parent=1337"}],"curies":[{"name":"wp","href":"https:\/\/api.w.org\/{rel}","templated":true}]}}