{"id":1501,"date":"2017-09-03T21:03:26","date_gmt":"2017-09-03T21:03:26","guid":{"rendered":"http:\/\/www.aquazone.com.pl\/?page_id=1501"},"modified":"2021-06-29T13:57:18","modified_gmt":"2021-06-29T13:57:18","slug":"portfolio","status":"publish","type":"page","link":"https:\/\/www.aquazone.com.pl\/?page_id=1501","title":{"rendered":"Portfolio"},"content":{"rendered":"<h1><a name=\"_Toc484466170\"><\/a><strong>Aquazone<\/strong> jest grup\u0105 entuzjast\u00f3w hydrolog\u00f3w.<\/h1>\n<p>Korzystamy ze swojego do\u015bwiadczenia w pracy w terenie z szerokim spektrum urz\u0105dze\u0144 do pomiar\u00f3w hydrometrycznych.<br \/>\nZajmujemy si\u0119 pomiarami na rzekach, zbiornikach \u015br\u00f3dl\u0105dowych, a tak\u017ce na morzach.<br \/>\nDla naszych klient\u00f3w tworzymy mapy 3D, skanujemy dno, poszukujemy obiekt\u00f3w podwodnych, tworzymy opracowania.<\/p>\n<p>Wsp\u00f3\u0142pracujemy z jednostkami dydaktycznymi:<\/p>\n<p><strong>Uniwersytet Warszawski, SGGW, Politechnika Warszawska<\/strong><\/p>\n<p>z firmami pa\u0144stwowymi<\/p>\n<p><strong>MPWiK, IMGW, Pa\u0144stwowe Gospodarstwo Wodne Wody Polskie, Park Narodowy Bory Tucholskie, Biebrza\u0144ski Park Narodowy<\/strong><\/p>\n<p>innymi podmiotami<\/p>\n<p><strong>RADICAL, Energoprojekt, Envisum, Energa Kogeneracja, Hydron, Grafiko, baza nurkowa Jagodna (Chorwacja), baza nurkowa Aquamatic Pag (Chorwacja), CrazyShark, iBarka, MiamiWars<\/strong><\/p>\n<p>&nbsp;<\/p>\n<h1><a name=\"_Toc75859282\"><\/a>Portfolio<\/h1>\n<h3><a name=\"_Toc75859283\"><\/a>Pa\u0144stwowe Gospodarstwo Wodne Wody Polskie<\/h3>\n<p>&#8211; Stworzenie mapy na potrzeby udro\u017cnienia szlaku \u017ceglownego na rzece Narew, identyfikacja zagro\u017ce\u0144 \u017ceglugowych na odcinku od 79 km do 180 km\u00a0 (uj\u015bcie rzeki Pisa).<\/p>\n<p>&#8211; Szkolenie w zakresie obs\u0142ugi echosond<\/p>\n<h3><a name=\"_Toc75859284\"><\/a>UW<\/h3>\n<p>&#8211; badanie osad\u00f3w dennych na terenie Parku Narodowego Bory Tucholskie<\/p>\n<p>&#8211; zaj\u0119cia dydaktyczne dla student\u00f3w w zakresie hydrologii<\/p>\n<h3><a name=\"_Toc75859285\"><\/a>IMGW<\/h3>\n<p>&#8211; wsp\u00f3\u0142praca przy mi\u0119dzynarodowym projekcie EULAKES (Redukcja ryzyka oraz skutk\u00f3w zagro\u017ce\u0144 naturalnych i wywo\u0142anych dzia\u0142alno\u015bci\u0105 cz\u0142owieka)<\/p>\n<p>&#8211; badanie osad\u00f3w dennych Jeziora Ostrowite, Charzykowskie<\/p>\n<p>&#8211; badania zasi\u0119gu ro\u015blinno\u015bci podwodnej na obszarze Jeziora Charzykowskie<\/p>\n<p>&#8211; opracowywanie pomiar\u00f3w nat\u0119\u017cenia przep\u0142ywu dla rzek Mazowsza<\/p>\n<p>&#8211; wykonanie przekroj\u00f3w poprzecznych i pod\u0142u\u017cnych\u00a0 koryta rzek<\/p>\n<h3><a name=\"_Toc75859286\"><\/a>SGGW<\/h3>\n<p>&#8211; Opracowanie wysokorozdzielczej mapy batymetrycznej dna koryta i brzeg\u00f3w rzeki, mapy twardo\u015bci koryta oraz mapy zasi\u0119gu wyst\u0119powania ro\u015blinno\u015bci wodnej dla odcinka Jeziorki pod k\u0105tem modelowania hydrauliczno-siedliskowego 2 D<\/p>\n<p>&#8211; Wykonanie i opracowanie pomiar\u00f3w nat\u0119\u017cenie przep\u0142ywu dla rzeki Jeziorki<\/p>\n<p>&#8211; Opracowanie mapy batymetrycznej dna i brzeg\u00f3w rzeki Wis\u0142y w rejonie K\u0119py Kie\u0142pi\u0144skiej<\/p>\n<h3><a name=\"_Toc75859287\"><\/a>MPWiK<\/h3>\n<p>&#8211; opracowanie mapy batymetrycznej wraz z wizualizacj\u0105 3D odcinka Wis\u0142y od 507,1 do 510,6\u00a0 km (most Siekierkowski &#8211; \u0141azienkowski )<\/p>\n<p>&#8211; lokalizowanie element\u00f3w konstrukcyjnych dren\u00f3w wodnych, nale\u017c\u0105cych do sieci MPWiK<\/p>\n<p>&#8211; analiza zmienno\u015bci pojemno\u015bci osadnika przed i po odmulaniu<\/p>\n<h3><a name=\"_Toc75859288\"><\/a>Envisum<\/h3>\n<p>&#8211; wykonanie ortofotomapy oraz DTM (Digital Terrain Model) na potrzeby modelowania odp\u0142ywu z terenu inwestycji<\/p>\n<p>&#8211; modelowanie HEC-RAS na obszarze planowanej inwestycji, budowy farmy fotowoltaicznej w rejonie miejscowo\u015bci Przykona i Konary<\/p>\n<h3><a name=\"_Toc75859289\"><\/a>Energoprojekt<\/h3>\n<p>&#8211; wykonanie przekroj\u00f3w batymetrycznych na rzece Wis\u0142ok w rejonie Elektrociep\u0142owni Rzesz\u00f3w<\/p>\n<p>&#8211; pomiary nat\u0119\u017cenia przep\u0142ywu na rzece Wis\u0142ok<\/p>\n<h3><a name=\"_Toc75859290\"><\/a>Energa Kogeneracja Sp. z o.o.<\/h3>\n<p>&#8211; wykonanie przekroj\u00f3w batymetrycznych na rzece Prosna w rejonie Elektrociep\u0142owni Kalisz<\/p>\n<p>&#8211; pomiary nat\u0119\u017cenia przep\u0142ywu na rzece Prosna<\/p>\n<h3><a name=\"_Toc75859291\"><\/a>Radical<\/h3>\n<p>&#8211; wykonanie przekroj\u00f3w batymetrycznych na rzece Wis\u0142a pod planowany ruroci\u0105g pod dnem Wis\u0142y do oczyszczalni \u015bciek\u00f3w Czajka<\/p>\n<p>&#8211; analiza twardo\u015bci dna Wis\u0142y<\/p>\n<h3><a name=\"_Toc75859292\"><\/a>Crazy Shark<\/h3>\n<p>&#8211; poszukiwanie \u017cagl\u00f3wki na Jeziorze Bia\u0142o (pojezierze Gostyni\u0144skie)<\/p>\n<h3><a name=\"_Toc75859293\"><\/a>Hydron<\/h3>\n<p>&#8211; oznaczenie podwodnych urz\u0105dze\u0144 hydrotechnicznych (ostr\u00f3g) w korycie Wis\u0142y<\/p>\n<p>&#8211; analiza zmienno\u015bci koryta Wis\u0142y w rejonie miejscowo\u015bci Solec<\/p>\n<h3><a name=\"_Toc75859294\"><\/a>Grafiko<\/h3>\n<p>&#8211; operat wodnoprawny na zabezpieczenie prawego brzegu rzeki Wieprz w km37 w m. Sobieszyn<\/p>\n<p>&#8211; operat wodno prawny dla projektu przebudowy \u015aluzy \u017bera\u0144<\/p>\n<h3><a name=\"_Toc75859295\"><\/a>Miami Wars, iBarka<\/h3>\n<p>&#8211; mapa batymetryczna dna Wis\u0142y przy Bulwarze Karskiego i Bulwarze gen. George&#8217;a Smitha Pattona<\/p>\n<p>&#8211; identyfikacja zagro\u017ce\u0144 wzd\u0142u\u017c Bulwar\u00f3w<\/p>\n<h3><a name=\"_Toc75859296\"><\/a>Baza Jagodna<\/h3>\n<p>&#8211; przeszukiwanie nowych miejsc nurkowych z pomoc\u0105 sonaru bocznego<\/p>\n<p>&#8211; oznaczenie Liberatora<\/p>\n<p>&#8211; stworzenie batymetrii miejsc nurkowych, wraz z oznaczeniem obszar\u00f3w dla grup nurk\u00f3w o r\u00f3\u017cnym stopniu zaawansowania, umiej\u0119tno\u015bci i posiadanych uprawnie\u0144<\/p>\n<h3><a name=\"_Toc75859297\"><\/a>Aquamatic<\/h3>\n<p>&#8211; przeszukiwanie nowych miejsc nurkowych z pomoc\u0105 sonaru bocznego<\/p>\n<p>&#8211; stworzenie batymetrii miejsc nurkowych, wraz z oznaczeniem obszar\u00f3w dla grup nurk\u00f3w o r\u00f3\u017cnym stopniu zaawansowania, umiej\u0119tno\u015bci i posiadanych uprawnie\u0144<\/p>\n<p>&#8211; stworzenie mapy google z miejscami nurkowymi i batymetri\u0105<\/p>\n<p><iframe loading=\"lazy\" width=\"584\" height=\"438\" src=\"https:\/\/www.youtube.com\/embed\/7eG-DznKlrk?feature=oembed\" frameborder=\"0\" allow=\"accelerometer; autoplay; clipboard-write; encrypted-media; gyroscope; picture-in-picture\" allowfullscreen><\/iframe><\/p>\n<iframe src=\"\/\/docs.google.com\/viewer?url=http%3A%2F%2Fwww.aquazone.com.pl%2Fwp-content%2Fuploads%2F2021%2F06%2Faquazone_portfolio.pdf&hl=pl&embedded=true\" class=\"gde-frame\" style=\"width:100%; height:500px; border: none;\" scrolling=\"no\"><\/iframe>\n<p class=\"gde-text\"><a href=\"http:\/\/www.aquazone.com.pl\/wp-content\/uploads\/2021\/06\/aquazone_portfolio.pdf\" class=\"gde-link\">Download (PDF, 1.59MB)<\/a><\/p>\n","protected":false},"excerpt":{"rendered":"<p>Aquazone jest grup\u0105 entuzjast\u00f3w hydrolog\u00f3w. Korzystamy ze swojego do\u015bwiadczenia w pracy w terenie z szerokim spektrum urz\u0105dze\u0144 do pomiar\u00f3w hydrometrycznych. Zajmujemy si\u0119 pomiarami na rzekach, zbiornikach \u015br\u00f3dl\u0105dowych, a tak\u017ce na morzach. Dla naszych klient\u00f3w tworzymy mapy 3D, skanujemy dno, poszukujemy &hellip; <a href=\"https:\/\/www.aquazone.com.pl\/?page_id=1501\">Czytaj dalej <span class=\"meta-nav\">&rarr;<\/span><\/a><\/p>\n","protected":false},"author":1,"featured_media":0,"parent":0,"menu_order":0,"comment_status":"closed","ping_status":"closed","template":"","meta":{"footnotes":""},"_links":{"self":[{"href":"https:\/\/www.aquazone.com.pl\/index.php?rest_route=\/wp\/v2\/pages\/1501"}],"collection":[{"href":"https:\/\/www.aquazone.com.pl\/index.php?rest_route=\/wp\/v2\/pages"}],"about":[{"href":"https:\/\/www.aquazone.com.pl\/index.php?rest_route=\/wp\/v2\/types\/page"}],"author":[{"embeddable":true,"href":"https:\/\/www.aquazone.com.pl\/index.php?rest_route=\/wp\/v2\/users\/1"}],"replies":[{"embeddable":true,"href":"https:\/\/www.aquazone.com.pl\/index.php?rest_route=%2Fwp%2Fv2%2Fcomments&post=1501"}],"version-history":[{"count":10,"href":"https:\/\/www.aquazone.com.pl\/index.php?rest_route=\/wp\/v2\/pages\/1501\/revisions"}],"predecessor-version":[{"id":1546,"href":"https:\/\/www.aquazone.com.pl\/index.php?rest_route=\/wp\/v2\/pages\/1501\/revisions\/1546"}],"wp:attachment":[{"href":"https:\/\/www.aquazone.com.pl\/index.php?rest_route=%2Fwp%2Fv2%2Fmedia&parent=1501"}],"curies":[{"name":"wp","href":"https:\/\/api.w.org\/{rel}","templated":true}]}}