{"id":1564,"date":"2024-01-07T11:57:56","date_gmt":"2024-01-07T11:57:56","guid":{"rendered":"https:\/\/www.aquazone.com.pl\/?page_id=1564"},"modified":"2024-01-07T12:00:54","modified_gmt":"2024-01-07T12:00:54","slug":"elementor-1564","status":"publish","type":"page","link":"https:\/\/www.aquazone.com.pl\/?page_id=1564","title":{"rendered":"Elementor #1564"},"content":{"rendered":"<p><img loading=\"lazy\" decoding=\"async\" width=\"602\" height=\"400\" src=\"http:\/\/www.aquazone.com.pl\/wp-content\/uploads\/2010\/06\/dsc_9891.jpg\" alt=\"\" srcset=\"https:\/\/www.aquazone.com.pl\/wp-content\/uploads\/2010\/06\/dsc_9891.jpg 602w, https:\/\/www.aquazone.com.pl\/wp-content\/uploads\/2010\/06\/dsc_9891-300x199.jpg 300w, https:\/\/www.aquazone.com.pl\/wp-content\/uploads\/2010\/06\/dsc_9891-451x300.jpg 451w\" sizes=\"(max-width: 602px) 100vw, 602px\" \/>\t\t\t\t\t\t\t\t\t\t\t\t\t\t\t<\/p>\n<h1>Woda <\/h1>\n<p>Woda jako \u017cywio\u0142<\/p>\n<h2>Hydrologia<\/h2>\n<p>Nauka o wodzie, jest podstaw\u0105 do okre\u015blaniu cel\u00f3w polityki ochrony, zarz\u0105dzania i gospodarki.<\/p>\n<p>\t\t\t\t\t\t\t\t\t\t\t\t\t\t\t<img loading=\"lazy\" decoding=\"async\" width=\"800\" height=\"403\" src=\"http:\/\/www.aquazone.com.pl\/wp-content\/uploads\/2024\/01\/Image-Contact-1.jpg\" alt=\"\" srcset=\"https:\/\/www.aquazone.com.pl\/wp-content\/uploads\/2024\/01\/Image-Contact-1.jpg 853w, https:\/\/www.aquazone.com.pl\/wp-content\/uploads\/2024\/01\/Image-Contact-1-300x151.jpg 300w, https:\/\/www.aquazone.com.pl\/wp-content\/uploads\/2024\/01\/Image-Contact-1-768x387.jpg 768w\" sizes=\"(max-width: 800px) 100vw, 800px\" \/>\t\t\t\t\t\t\t\t\t\t\t\t\t\t\t<\/p>\n<h2>Pomiary hydrologiczne<\/h2>\n<p>Pierwszy etap stanowi\u0105cy podstaw\u0119 do dalszych analiz.<\/p>\n<p>\t\t\t\t\t\t\t\t\t\t\t\t\t\t\t<img loading=\"lazy\" decoding=\"async\" width=\"800\" height=\"403\" src=\"http:\/\/www.aquazone.com.pl\/wp-content\/uploads\/2024\/01\/Image-Contact-1.jpg\" alt=\"\" srcset=\"https:\/\/www.aquazone.com.pl\/wp-content\/uploads\/2024\/01\/Image-Contact-1.jpg 853w, https:\/\/www.aquazone.com.pl\/wp-content\/uploads\/2024\/01\/Image-Contact-1-300x151.jpg 300w, https:\/\/www.aquazone.com.pl\/wp-content\/uploads\/2024\/01\/Image-Contact-1-768x387.jpg 768w\" sizes=\"(max-width: 800px) 100vw, 800px\" \/>\t\t\t\t\t\t\t\t\t\t\t\t\t\t\t<\/p>\n<h2>Analizy hydrologiczne<\/h2>\n<p>Analiza zgromadzone danych.\u00a0<\/p>\n<p>\t\t\t\t\t\t\t\t\t\t\t\t\t\t\t<img loading=\"lazy\" decoding=\"async\" width=\"800\" height=\"403\" src=\"http:\/\/www.aquazone.com.pl\/wp-content\/uploads\/2024\/01\/Image-Contact-1.jpg\" alt=\"\" srcset=\"https:\/\/www.aquazone.com.pl\/wp-content\/uploads\/2024\/01\/Image-Contact-1.jpg 853w, https:\/\/www.aquazone.com.pl\/wp-content\/uploads\/2024\/01\/Image-Contact-1-300x151.jpg 300w, https:\/\/www.aquazone.com.pl\/wp-content\/uploads\/2024\/01\/Image-Contact-1-768x387.jpg 768w\" sizes=\"(max-width: 800px) 100vw, 800px\" \/>\t\t\t\t\t\t\t\t\t\t\t\t\t\t\t<\/p>\n<h3>FAQ<\/h3>\n<h4 id=\"elementor-tab-title-2791\" data-tab=\"1\" role=\"button\" aria-controls=\"elementor-tab-content-2791\" aria-expanded=\"false\">\n\t\t\t\t\t\t\t\t\t\t\t\t<a tabindex=\"0\">A frequently asked question surrounding your service<\/a><br \/>\n\t\t\t\t\t<\/h4>\n<p>\t\t\t\t\tA detailed answer to provide information about your business, build trust with potential clients, and help convince the visitor that you are a good fit for them.<\/p>\n<h4 id=\"elementor-tab-title-2792\" data-tab=\"2\" role=\"button\" aria-controls=\"elementor-tab-content-2792\" aria-expanded=\"false\">\n\t\t\t\t\t\t\t\t\t\t\t\t<a tabindex=\"0\">A frequently asked question surrounding your service<\/a><br \/>\n\t\t\t\t\t<\/h4>\n<p>\t\t\t\t\tA detailed answer to provide information about your business, build trust with potential clients, and help convince the visitor that you are a good fit for them.<\/p>\n<h4 id=\"elementor-tab-title-2793\" data-tab=\"3\" role=\"button\" aria-controls=\"elementor-tab-content-2793\" aria-expanded=\"false\">\n\t\t\t\t\t\t\t\t\t\t\t\t<a tabindex=\"0\">A frequently asked question surrounding your service<\/a><br \/>\n\t\t\t\t\t<\/h4>\n<p>\t\t\t\t\tA detailed answer to provide information about your business, build trust with potential clients, and help convince the visitor that you are a good fit for them.<\/p>\n<h4 id=\"elementor-tab-title-2794\" data-tab=\"4\" role=\"button\" aria-controls=\"elementor-tab-content-2794\" aria-expanded=\"false\">\n\t\t\t\t\t\t\t\t\t\t\t\t<a tabindex=\"0\">A frequently asked question surrounding your service<\/a><br \/>\n\t\t\t\t\t<\/h4>\n<p>\t\t\t\t\tA detailed answer to provide information about your business, build trust with potential clients, and help convince the visitor that you are a good fit for them.<\/p>\n<h4 id=\"elementor-tab-title-4871\" data-tab=\"1\" role=\"button\" aria-controls=\"elementor-tab-content-4871\" aria-expanded=\"false\">\n\t\t\t\t\t\t\t\t\t\t\t\t<a tabindex=\"0\">A frequently asked question surrounding your service<\/a><br \/>\n\t\t\t\t\t<\/h4>\n<p>\t\t\t\t\tA detailed answer to provide information about your business, build trust with potential clients, and help convince the visitor that you are a good fit for them.<\/p>\n<h4 id=\"elementor-tab-title-4872\" data-tab=\"2\" role=\"button\" aria-controls=\"elementor-tab-content-4872\" aria-expanded=\"false\">\n\t\t\t\t\t\t\t\t\t\t\t\t<a tabindex=\"0\">A frequently asked question surrounding your service<\/a><br \/>\n\t\t\t\t\t<\/h4>\n<p>\t\t\t\t\tA detailed answer to provide information about your business, build trust with potential clients, and help convince the visitor that you are a good fit for them.<\/p>\n<h4 id=\"elementor-tab-title-4873\" data-tab=\"3\" role=\"button\" aria-controls=\"elementor-tab-content-4873\" aria-expanded=\"false\">\n\t\t\t\t\t\t\t\t\t\t\t\t<a tabindex=\"0\">A frequently asked question surrounding your service<\/a><br \/>\n\t\t\t\t\t<\/h4>\n<p>\t\t\t\t\tA detailed answer to provide information about your business, build trust with potential clients, and help convince the visitor that you are a good fit for them.<\/p>\n<h4 id=\"elementor-tab-title-4874\" data-tab=\"4\" role=\"button\" aria-controls=\"elementor-tab-content-4874\" aria-expanded=\"false\">\n\t\t\t\t\t\t\t\t\t\t\t\t<a tabindex=\"0\">A frequently asked question surrounding your service<\/a><br \/>\n\t\t\t\t\t<\/h4>\n<p>\t\t\t\t\tA detailed answer to provide information about your business, build trust with potential clients, and help convince the visitor that you are a good fit for them.<\/p>\n<h3>A Title to Turn the Visitor Into a Lead<\/h3>\n<p>This is your chance to emphasize why the visitor should contact you right now.<\/p>\n<p>\t\t\t<a href=\"#\"><br \/>\n\t\t\t\t\t\tContact us<br \/>\n\t\t\t\t\t<\/a><br \/>\n\t\t\t\t\t\t\t\t\t\t\t\t\t\t\t<img decoding=\"async\" src=\"https:\/\/www.aquazone.com.pl\/wp-content\/plugins\/elementor\/assets\/images\/placeholder.png\" title=\"\" alt=\"\" loading=\"lazy\" \/>\t\t\t\t\t\t\t\t\t\t\t\t\t\t\t<\/p>\n<ul>\n<li>\n\t\t\t\t\t\t\t\t\t\t123-456-7890\n\t\t\t\t\t\t\t\t\t<\/li>\n<li>\n\t\t\t\t\t\t\t\t\t\t123 Main Street, New York, NY 10001\n\t\t\t\t\t\t\t\t\t<\/li>\n<li>\n\t\t\t\t\t\t\t\t\t\tMon-Fri 9:00AM &#8211; 5:00PM\n\t\t\t\t\t\t\t\t\t<\/li>\n<\/ul>\n<p>\t\t\t\t\t<a target=\"_blank\" rel=\"noopener\"><br \/>\n\t\t\t\t\t\tFacebook-f<br \/>\n\t\t\t\t\t\t<svg viewBox=\"0 0 320 512\" xmlns=\"http:\/\/www.w3.org\/2000\/svg\"><path d=\"M279.14 288l14.22-92.66h-88.91v-60.13c0-25.35 12.42-50.06 52.24-50.06h40.42V6.26S260.43 0 225.36 0c-73.22 0-121.08 44.38-121.08 124.72v70.62H22.89V288h81.39v224h100.17V288z\"><\/path><\/svg>\t\t\t\t\t<\/a><br \/>\n\t\t\t\t\t<a target=\"_blank\" rel=\"noopener\"><br \/>\n\t\t\t\t\t\t\t\t\t\t\t<\/a><br \/>\n\t\t\t\t\t<a target=\"_blank\" rel=\"noopener\"><br \/>\n\t\t\t\t\t\tTwitter<br \/>\n\t\t\t\t\t\t<svg viewBox=\"0 0 512 512\" xmlns=\"http:\/\/www.w3.org\/2000\/svg\"><path d=\"M459.37 151.716c.325 4.548.325 9.097.325 13.645 0 138.72-105.583 298.558-298.558 298.558-59.452 0-114.68-17.219-161.137-47.106 8.447.974 16.568 1.299 25.34 1.299 49.055 0 94.213-16.568 130.274-44.832-46.132-.975-84.792-31.188-98.112-72.772 6.498.974 12.995 1.624 19.818 1.624 9.421 0 18.843-1.3 27.614-3.573-48.081-9.747-84.143-51.98-84.143-102.985v-1.299c13.969 7.797 30.214 12.67 47.431 13.319-28.264-18.843-46.781-51.005-46.781-87.391 0-19.492 5.197-37.36 14.294-52.954 51.655 63.675 129.3 105.258 216.365 109.807-1.624-7.797-2.599-15.918-2.599-24.04 0-57.828 46.782-104.934 104.934-104.934 30.213 0 57.502 12.67 76.67 33.137 23.715-4.548 46.456-13.32 66.599-25.34-7.798 24.366-24.366 44.833-46.132 57.827 21.117-2.273 41.584-8.122 60.426-16.243-14.292 20.791-32.161 39.308-52.628 54.253z\"><\/path><\/svg>\t\t\t\t\t<\/a><\/p>\n<p>\u00a9 2022 All Rights Reserved.<\/p>\n","protected":false},"excerpt":{"rendered":"<p>Woda Woda jako \u017cywio\u0142 Hydrologia Nauka o wodzie, jest podstaw\u0105 do okre\u015blaniu cel\u00f3w polityki ochrony, zarz\u0105dzania i gospodarki. Pomiary hydrologiczne Pierwszy etap stanowi\u0105cy podstaw\u0119 do dalszych analiz. Analizy hydrologiczne Analiza zgromadzone danych.\u00a0 FAQ A frequently asked question surrounding your service &hellip; <a href=\"https:\/\/www.aquazone.com.pl\/?page_id=1564\">Czytaj dalej <span class=\"meta-nav\">&rarr;<\/span><\/a><\/p>\n","protected":false},"author":1,"featured_media":0,"parent":0,"menu_order":0,"comment_status":"closed","ping_status":"closed","template":"","meta":{"footnotes":""},"_links":{"self":[{"href":"https:\/\/www.aquazone.com.pl\/index.php?rest_route=\/wp\/v2\/pages\/1564"}],"collection":[{"href":"https:\/\/www.aquazone.com.pl\/index.php?rest_route=\/wp\/v2\/pages"}],"about":[{"href":"https:\/\/www.aquazone.com.pl\/index.php?rest_route=\/wp\/v2\/types\/page"}],"author":[{"embeddable":true,"href":"https:\/\/www.aquazone.com.pl\/index.php?rest_route=\/wp\/v2\/users\/1"}],"replies":[{"embeddable":true,"href":"https:\/\/www.aquazone.com.pl\/index.php?rest_route=%2Fwp%2Fv2%2Fcomments&post=1564"}],"version-history":[{"count":7,"href":"https:\/\/www.aquazone.com.pl\/index.php?rest_route=\/wp\/v2\/pages\/1564\/revisions"}],"predecessor-version":[{"id":1574,"href":"https:\/\/www.aquazone.com.pl\/index.php?rest_route=\/wp\/v2\/pages\/1564\/revisions\/1574"}],"wp:attachment":[{"href":"https:\/\/www.aquazone.com.pl\/index.php?rest_route=%2Fwp%2Fv2%2Fmedia&parent=1564"}],"curies":[{"name":"wp","href":"https:\/\/api.w.org\/{rel}","templated":true}]}}