{"id":178,"date":"2010-06-09T20:58:35","date_gmt":"2010-06-09T19:58:35","guid":{"rendered":"http:\/\/aquazone.com.pl\/?page_id=178"},"modified":"2016-05-17T21:22:04","modified_gmt":"2016-05-17T21:22:04","slug":"galeria","status":"publish","type":"page","link":"https:\/\/www.aquazone.com.pl\/?page_id=178","title":{"rendered":"GALERIA"},"content":{"rendered":"<p><span style=\"text-decoration: underline;\">WODA, WODA, WODA<\/span><\/p>\n<p><span style=\"text-decoration: underline;\"> <\/span><\/p>\n<p><span style=\"text-decoration: underline;\"> <\/span><\/p>\n<p><a title=\"K\u0119pa Polska\" href=\"http:\/\/aquazone.com.pl\/?page_id=185\" target=\"_self\">K\u0119pa Polska<\/a><\/p>\n<p><a href=\"http:\/\/aquazone.com.pl\/?page_id=204\" target=\"_self\">Pow\u00f3d\u017a na \u015al\u0105sku 2010<\/a><\/p>\n<p><a href=\"http:\/\/aquazone.com.pl\/?page_id=195\" target=\"_self\">Uroki hydrologiczne<\/a><\/p>\n<p><a href=\"http:\/\/aquazone.com.pl\/?page_id=187\" target=\"_self\">Warszawa Wis\u0142a<\/a><\/p>\n<p><a href=\"http:\/\/aquazone.com.pl\/?page_id=253\" target=\"_self\">\u015awiniary &#8211; pow\u00f3d\u017a 2010<\/a><\/p>\n<p><a href=\"http:\/\/aquazone.com.pl\/?page_id=401 \">River Ray &#8211; testy w IMGW<\/a><\/p>\n","protected":false},"excerpt":{"rendered":"<p>WODA, WODA, WODA K\u0119pa Polska Pow\u00f3d\u017a na \u015al\u0105sku 2010 Uroki hydrologiczne Warszawa Wis\u0142a \u015awiniary &#8211; pow\u00f3d\u017a 2010 River Ray &#8211; testy w IMGW<\/p>\n","protected":false},"author":1,"featured_media":0,"parent":0,"menu_order":2,"comment_status":"open","ping_status":"open","template":"","meta":{"footnotes":""},"_links":{"self":[{"href":"https:\/\/www.aquazone.com.pl\/index.php?rest_route=\/wp\/v2\/pages\/178"}],"collection":[{"href":"https:\/\/www.aquazone.com.pl\/index.php?rest_route=\/wp\/v2\/pages"}],"about":[{"href":"https:\/\/www.aquazone.com.pl\/index.php?rest_route=\/wp\/v2\/types\/page"}],"author":[{"embeddable":true,"href":"https:\/\/www.aquazone.com.pl\/index.php?rest_route=\/wp\/v2\/users\/1"}],"replies":[{"embeddable":true,"href":"https:\/\/www.aquazone.com.pl\/index.php?rest_route=%2Fwp%2Fv2%2Fcomments&post=178"}],"version-history":[{"count":1,"href":"https:\/\/www.aquazone.com.pl\/index.php?rest_route=\/wp\/v2\/pages\/178\/revisions"}],"predecessor-version":[{"id":1438,"href":"https:\/\/www.aquazone.com.pl\/index.php?rest_route=\/wp\/v2\/pages\/178\/revisions\/1438"}],"wp:attachment":[{"href":"https:\/\/www.aquazone.com.pl\/index.php?rest_route=%2Fwp%2Fv2%2Fmedia&parent=178"}],"curies":[{"name":"wp","href":"https:\/\/api.w.org\/{rel}","templated":true}]}}